{"id":215,"date":"2019-09-07T17:06:00","date_gmt":"2019-09-07T15:06:00","guid":{"rendered":"http:\/\/www.centrezenamiens.org\/wordpress\/?page_id=215"},"modified":"2019-09-07T17:06:00","modified_gmt":"2019-09-07T15:06:00","slug":"meditation-zen-et-psychologie","status":"publish","type":"page","link":"http:\/\/www.centrezenamiens.org\/wordpress\/meditation-zen-et-psychologie\/","title":{"rendered":"M\u00e9ditation zen et psychologie"},"content":{"rendered":"\n<h2 class=\"wp-block-heading\">Attention<\/h2>\n\n\n\n<p>Le cerveau pendant zazen reste vigilant, l\u2019attention se renouvelle d\u2019instant<br>\nen instant et les sujets gardent la capacit\u00e9 de r\u00e9agir. Elle r\u00e9duit<br>\nl\u2019effort pour rester attentif. On constate un \u00e9paississement du cortex<br>\ndans les zones impliqu\u00e9es par l\u2019attention.<\/p>\n\n\n\n<h2 class=\"wp-block-heading\">Douleur<\/h2>\n\n\n\n<p>La m\u00e9ditation r\u00e9duit les sensations douloureuses sans diminuer la sensibilit\u00e9<br>\n\u00e0 la douleur, mais le d\u00e9sagr\u00e9ment est r\u00e9duit.<\/p>\n\n\n\n<h2 class=\"wp-block-heading\">Anxi\u00e9t\u00e9, stress, d\u00e9pression<\/h2>\n\n\n\n<p>La pr\u00e9sence ouverte \u00e0 ce qui survient d\u2019instant en instant est un moyen<br>\nde r\u00e9duire l\u2019effet nocif des ruminations mentales et du stress. Zazen<br>\nr\u00e9gule le flot spontan\u00e9 des pens\u00e9es en am\u00e9liorant le contr\u00f4le des associations<br>\nautomatiques des id\u00e9es. Cela r\u00e9duit les sympt\u00f4mes d\u00e9pressifs<br>\net la tendance au suicide.<\/p>\n\n\n\n<h2 class=\"wp-block-heading\">Gestion des \u00e9motions et cr\u00e9ati vit\u00e9<\/h2>\n\n\n\n<p>La m\u00e9ditation am\u00e9liore le contr\u00f4le des \u00e9motions, consciemment au<br>\nd\u00e9but puis automatiquement avec l\u2019exp\u00e9rience. Elle d\u00e9veloppe un<br>\nmeilleur acc\u00e8s \u00e0 l\u2019information inconsciente qui favorise la cr\u00e9ativit\u00e9.<\/p>\n\n\n\n<h2 class=\"wp-block-heading\">Vieillissement cognitif<\/h2>\n\n\n\n<p>La m\u00e9ditation r\u00e9duit la baisse des facult\u00e9s intellectuelles li\u00e9e au vieillissement.<br> Elle contrecarre le d\u00e9clin cognitif li\u00e9 \u00e0 l\u2019\u00e2ge. Elle peut m\u00eame<br> accro\u00eetre les capacit\u00e9s cognitives des adultes \u00e2g\u00e9s.<br> La m\u00e9ditation demande un d\u00e9tachement vigilant et un l\u00e2cher-prise<br> qui sont n\u00e9cessaires \u00e0 la r\u00e9solution des probl\u00e8mes. Le recul ainsi obtenu<br> permet de les ramener \u00e0 leur juste valeur.<\/p>\n","protected":false},"excerpt":{"rendered":"<p>Attention Le cerveau pendant zazen reste vigilant, l\u2019attention se renouvelle d\u2019instant en instant et les sujets gardent la capacit\u00e9 de r\u00e9agir. Elle r\u00e9duit l\u2019effort pour rester attentif. On constate un \u00e9paississement du cortex dans les zones impliqu\u00e9es par l\u2019attention. Douleur La m\u00e9ditation r\u00e9duit les sensations douloureuses sans diminuer la sensibilit\u00e9 \u00e0 la douleur, mais le [&hellip;]<\/p>\n","protected":false},"author":1,"featured_media":0,"parent":0,"menu_order":0,"comment_status":"closed","ping_status":"closed","template":"","meta":{"ngg_post_thumbnail":0,"footnotes":""},"class_list":["post-215","page","type-page","status-publish","hentry"],"_links":{"self":[{"href":"http:\/\/www.centrezenamiens.org\/wordpress\/wp-json\/wp\/v2\/pages\/215","targetHints":{"allow":["GET"]}}],"collection":[{"href":"http:\/\/www.centrezenamiens.org\/wordpress\/wp-json\/wp\/v2\/pages"}],"about":[{"href":"http:\/\/www.centrezenamiens.org\/wordpress\/wp-json\/wp\/v2\/types\/page"}],"author":[{"embeddable":true,"href":"http:\/\/www.centrezenamiens.org\/wordpress\/wp-json\/wp\/v2\/users\/1"}],"replies":[{"embeddable":true,"href":"http:\/\/www.centrezenamiens.org\/wordpress\/wp-json\/wp\/v2\/comments?post=215"}],"version-history":[{"count":1,"href":"http:\/\/www.centrezenamiens.org\/wordpress\/wp-json\/wp\/v2\/pages\/215\/revisions"}],"predecessor-version":[{"id":216,"href":"http:\/\/www.centrezenamiens.org\/wordpress\/wp-json\/wp\/v2\/pages\/215\/revisions\/216"}],"wp:attachment":[{"href":"http:\/\/www.centrezenamiens.org\/wordpress\/wp-json\/wp\/v2\/media?parent=215"}],"curies":[{"name":"wp","href":"https:\/\/api.w.org\/{rel}","templated":true}]}}