{"id":203,"date":"2019-09-07T16:32:33","date_gmt":"2019-09-07T14:32:33","guid":{"rendered":"http:\/\/www.centrezenamiens.org\/wordpress\/?page_id=203"},"modified":"2019-09-07T16:46:21","modified_gmt":"2019-09-07T14:46:21","slug":"les-bienfaits-de-la-meditation-zen-sur-lorganisme","status":"publish","type":"page","link":"http:\/\/www.centrezenamiens.org\/wordpress\/les-bienfaits-de-la-meditation-zen-sur-lorganisme\/","title":{"rendered":"Les bienfaits de la m\u00e9ditation zen sur l&rsquo;organisme"},"content":{"rendered":"\n<h2 class=\"wp-block-heading\">Zen et cerveau<\/h2>\n\n\n\n<p>La neurobiologie a d\u00e9couvert r\u00e9cemment que le cerveau est un organe<br>\nplastique capable de se modifier en fonction de l\u2019apprentissage et de<br>\nl\u2019entra\u00eenement. La pratique de la m\u00e9ditation ralentit les effets du vieillissement<br>\ndans la zone du cerveau impliqu\u00e9e dans la motricit\u00e9, l\u2019apprentissage<br>\net la m\u00e9moire. Il y a une augmentation des neurones dans<br>\ncette zone et une am\u00e9lioration des transmissions nerveuses.<\/p>\n\n\n\n<h2 class=\"wp-block-heading\">Zen et stress<\/h2>\n\n\n\n<p>La m\u00e9ditation constitue une m\u00e9thode d\u2019appoint facilitant l\u2019am\u00e9lioration<br>\nde la sant\u00e9 physique et psychologique des personnes souffrant<br>\nd\u2019un cancer ou d\u2019une maladie chronique.<\/p>\n\n\n\n<h2 class=\"wp-block-heading\">Cancer<\/h2>\n\n\n\n<p>La m\u00e9ditation diminue la sensibilit\u00e9 au stress et \u00e0 l\u2019anxi\u00e9t\u00e9. Elle am\u00e9liore<br>\nl\u2019\u00e9quilibre endocrinien, ce qui r\u00e9duit le vieillissement cellulaire.<br>\nElle augmente la r\u00e9ponse immunitaire de l\u2019organisme.<\/p>\n\n\n\n<h2 class=\"wp-block-heading\">\u00c9quilibre nerveux<\/h2>\n\n\n\n<p>La m\u00e9ditation induit une diminution de l\u2019activit\u00e9 sympathique et une<br>\naugmentation de l\u2019activit\u00e9 parasympathique. Cela se traduit par le sentiment<br>\nde calme profond associ\u00e9 \u00e0 une vigilance aigu\u00eb \u00e9prouv\u00e9e pendant<br>\nla m\u00e9ditation. Elle r\u00e9duit les accidents cardiaques.<\/p>\n\n\n\n<h2 class=\"wp-block-heading\">Sommeil<\/h2>\n\n\n\n<p>La m\u00e9ditation r\u00e9duit le besoin de sommeil chez les sujets exp\u00e9riment\u00e9s.<br>\nIls ont moins d\u2019insomnies et le sommeil leur procure une meilleure<br>\nr\u00e9cup\u00e9ration.<\/p>\n","protected":false},"excerpt":{"rendered":"<p>Zen et cerveau La neurobiologie a d\u00e9couvert r\u00e9cemment que le cerveau est un organe plastique capable de se modifier en fonction de l\u2019apprentissage et de l\u2019entra\u00eenement. La pratique de la m\u00e9ditation ralentit les effets du vieillissement dans la zone du cerveau impliqu\u00e9e dans la motricit\u00e9, l\u2019apprentissage et la m\u00e9moire. Il y a une augmentation des [&hellip;]<\/p>\n","protected":false},"author":1,"featured_media":0,"parent":0,"menu_order":0,"comment_status":"closed","ping_status":"closed","template":"","meta":{"ngg_post_thumbnail":0,"footnotes":""},"class_list":["post-203","page","type-page","status-publish","hentry"],"_links":{"self":[{"href":"http:\/\/www.centrezenamiens.org\/wordpress\/wp-json\/wp\/v2\/pages\/203","targetHints":{"allow":["GET"]}}],"collection":[{"href":"http:\/\/www.centrezenamiens.org\/wordpress\/wp-json\/wp\/v2\/pages"}],"about":[{"href":"http:\/\/www.centrezenamiens.org\/wordpress\/wp-json\/wp\/v2\/types\/page"}],"author":[{"embeddable":true,"href":"http:\/\/www.centrezenamiens.org\/wordpress\/wp-json\/wp\/v2\/users\/1"}],"replies":[{"embeddable":true,"href":"http:\/\/www.centrezenamiens.org\/wordpress\/wp-json\/wp\/v2\/comments?post=203"}],"version-history":[{"count":4,"href":"http:\/\/www.centrezenamiens.org\/wordpress\/wp-json\/wp\/v2\/pages\/203\/revisions"}],"predecessor-version":[{"id":212,"href":"http:\/\/www.centrezenamiens.org\/wordpress\/wp-json\/wp\/v2\/pages\/203\/revisions\/212"}],"wp:attachment":[{"href":"http:\/\/www.centrezenamiens.org\/wordpress\/wp-json\/wp\/v2\/media?parent=203"}],"curies":[{"name":"wp","href":"https:\/\/api.w.org\/{rel}","templated":true}]}}