{"id":17,"date":"2019-04-13T18:45:56","date_gmt":"2019-04-13T16:45:56","guid":{"rendered":"http:\/\/www.centrezenamiens.org\/wordpress\/?page_id=17"},"modified":"2026-03-06T16:13:29","modified_gmt":"2026-03-06T15:13:29","slug":"ou","status":"publish","type":"page","link":"http:\/\/www.centrezenamiens.org\/wordpress\/ou\/","title":{"rendered":"O\u00f9 ?"},"content":{"rendered":"\n<p>la Salle Paul Boudier, situ\u00e9e au 58 rue Len\u00f4tre, dans les locaux du b\u00e2timent de la soci\u00e9t\u00e9 d&rsquo;Horticulture de Picardie<\/p>\n\n\n\n<p><\/p>\n\n\n\n<p><\/p>\n\n\n\n<figure class=\"wp-block-image size-full\"><img loading=\"lazy\" decoding=\"async\" width=\"12979\" height=\"5996\" src=\"http:\/\/www.centrezenamiens.org\/wordpress\/wp-content\/uploads\/2026\/03\/localisation-4.jpg\" alt=\"\" class=\"wp-image-410\"\/><\/figure>\n\n\n\n<p><\/p>\n\n\n\n<iframe src=\"https:\/\/www.google.com\/maps\/embed?pb=!1m14!1m8!1m3!1d10282.068700920006!2d2.2914346!3d49.8890931!3m2!1i1024!2i768!4f13.1!3m3!1m2!1s0x47e78441f7076ba3%3A0xd7b8fe334b62e6d7!2sSoc%20D%20Horticulture%20de%20Picardie!5e0!3m2!1sfr!2sfr!4v1705071526227!5m2!1sfr!2sfr\" width=\"600\" height=\"450\" style=\"border:0;\" allowfullscreen=\"\" loading=\"lazy\" referrerpolicy=\"no-referrer-when-downgrade\"><\/iframe>\n\n\n\n<p><\/p>\n","protected":false},"excerpt":{"rendered":"<p>la Salle Paul Boudier, situ\u00e9e au 58 rue Len\u00f4tre, dans les locaux du b\u00e2timent de la soci\u00e9t\u00e9 d&rsquo;Horticulture de Picardie<\/p>\n","protected":false},"author":1,"featured_media":0,"parent":0,"menu_order":0,"comment_status":"closed","ping_status":"closed","template":"","meta":{"ngg_post_thumbnail":0,"footnotes":""},"class_list":["post-17","page","type-page","status-publish","hentry"],"_links":{"self":[{"href":"http:\/\/www.centrezenamiens.org\/wordpress\/wp-json\/wp\/v2\/pages\/17","targetHints":{"allow":["GET"]}}],"collection":[{"href":"http:\/\/www.centrezenamiens.org\/wordpress\/wp-json\/wp\/v2\/pages"}],"about":[{"href":"http:\/\/www.centrezenamiens.org\/wordpress\/wp-json\/wp\/v2\/types\/page"}],"author":[{"embeddable":true,"href":"http:\/\/www.centrezenamiens.org\/wordpress\/wp-json\/wp\/v2\/users\/1"}],"replies":[{"embeddable":true,"href":"http:\/\/www.centrezenamiens.org\/wordpress\/wp-json\/wp\/v2\/comments?post=17"}],"version-history":[{"count":5,"href":"http:\/\/www.centrezenamiens.org\/wordpress\/wp-json\/wp\/v2\/pages\/17\/revisions"}],"predecessor-version":[{"id":412,"href":"http:\/\/www.centrezenamiens.org\/wordpress\/wp-json\/wp\/v2\/pages\/17\/revisions\/412"}],"wp:attachment":[{"href":"http:\/\/www.centrezenamiens.org\/wordpress\/wp-json\/wp\/v2\/media?parent=17"}],"curies":[{"name":"wp","href":"https:\/\/api.w.org\/{rel}","templated":true}]}}